{"id":4464,"date":"2021-08-24T13:21:46","date_gmt":"2021-08-24T13:21:46","guid":{"rendered":"https:\/\/secretceres.cz\/affiliate-admin\/"},"modified":"2021-08-26T12:53:08","modified_gmt":"2021-08-26T12:53:08","slug":"affiliate-admin","status":"publish","type":"page","link":"https:\/\/secretceres.cz\/en\/affiliate-admin\/","title":{"rendered":"Affiliate admin"},"content":{"rendered":"<p>[et_pb_section fb_built=&#8221;1&#8243; admin_label=&#8221;section&#8221; _builder_version=&#8221;4.10.4&#8243; background_color=&#8221;#FBF3EB&#8221; global_colors_info=&#8221;{}&#8221;][et_pb_row admin_label=&#8221;row&#8221; _builder_version=&#8221;3.25&#8243; background_size=&#8221;initial&#8221; background_position=&#8221;top_left&#8221; background_repeat=&#8221;repeat&#8221; global_colors_info=&#8221;{}&#8221;][et_pb_column type=&#8221;4_4&#8243; _builder_version=&#8221;3.25&#8243; custom_padding=&#8221;|||&#8221; global_colors_info=&#8221;{}&#8221; custom_padding__hover=&#8221;|||&#8221;][et_pb_text admin_label=&#8221;Tittle&#8221; _builder_version=&#8221;4.10.4&#8243; text_font=&#8221;Poppins||||||||&#8221; header_font=&#8221;||||||||&#8221; header_2_font=&#8221;Cormorant Garamond|||on|||||&#8221; header_2_text_align=&#8221;center&#8221; header_2_font_size=&#8221;39px&#8221; header_2_letter_spacing=&#8221;2px&#8221; header_2_line_height=&#8221;1.4em&#8221; header_3_font=&#8221;||||||||&#8221; text_orientation=&#8221;center&#8221; max_width=&#8221;700px&#8221; max_width_last_edited=&#8221;off|desktop&#8221; module_alignment=&#8221;center&#8221; custom_margin=&#8221;|||&#8221; hover_enabled=&#8221;0&#8243; locked=&#8221;off&#8221; global_colors_info=&#8221;{}&#8221; sticky_enabled=&#8221;0&#8243;]<\/p>\n<h2>Affiliate program &#8211; admin pannel<\/h2>\n<p>[\/et_pb_text][et_pb_text admin_label=&#8221;Text&#8221; _builder_version=&#8221;4.10.4&#8243; background_size=&#8221;initial&#8221; background_position=&#8221;top_left&#8221; background_repeat=&#8221;repeat&#8221; hover_enabled=&#8221;0&#8243; global_colors_info=&#8221;{}&#8221; sticky_enabled=&#8221;0&#8243;]<\/p>\n<p style=\"text-align: center;\">Toto je affiliate sekce e-shopu. Pokud jsi existuj\u00edc\u00ed affiliate partner, pros\u00edm <a href=\"https:\/\/secretceres.cz\/affiliate-program\/affiliate-login\/\">p\u0159ihlas se<\/a> do administrace.<\/p>\n<p style=\"text-align: center;\">Pokud nejste affiliate partner, ale chce\u0161 se jim st\u00e1t, zaregistruj se. Registraci m\u016f\u017ee\u0161 prov\u00e9st<a href=\"https:\/\/secretceres.cz\/affiliate-program\/affiliate-register\/\"> zde<\/a>.<\/p>\n<p style=\"text-align: center;\">_<\/p>\n<p style=\"text-align: center;\">This is the affiliate section of the e-shop. If you are an existing affiliate partner, please <a href=\"https:\/\/secretceres.cz\/en\/affiliate-program\/affiliate-login\/\"> log in <\/a> to the administration.<\/p>\n<p style=\"text-align: center;\">If you are not an affiliate partner, but you want to become one, register. You can register <a href=\"https:\/\/secretceres.cz\/en\/affiliate-program\/affiliate-register\/\"> here <\/a>.<\/p>\n\n<p>[\/et_pb_text][\/et_pb_column][\/et_pb_row][\/et_pb_section]<\/p>\n","protected":false},"excerpt":{"rendered":"<p>Affiliate program &#8211; admin pannel<p style=\"text-align: center;\">Toto je affiliate sekce e-shopu. Pokud jsi existuj\u00edc\u00ed affiliate partner, pros\u00edm <a href=\"https:\/\/secretceres.cz\/affiliate-program\/affiliate-login\/\">p\u0159ihlas se<\/a> do administrace.<\/p>\n<p style=\"text-align: center;\">Pokud nejste affiliate partner, ale chce\u0161 se jim st\u00e1t, zaregistruj se. Registraci m\u016f\u017ee\u0161 prov\u00e9st<a href=\"https:\/\/secretceres.cz\/affiliate-program\/affiliate-register\/\"> zde<\/a>.<\/p>\n<p style=\"text-align: center;\">_<\/p>\n<p style=\"text-align: center;\">This is the affiliate section of the e-shop. If you are an existing affiliate partner, please <a href=\"https:\/\/secretceres.cz\/en\/affiliate-program\/affiliate-login\/\"> log in <\/a> to the administration.<\/p>\n<p style=\"text-align: center;\">If you are not an affiliate partner, but you want to become one, register. You can register <a href=\"https:\/\/secretceres.cz\/en\/affiliate-program\/affiliate-register\/\"> here <\/a>.<\/p>\n<\/p>\n","protected":false},"author":1,"featured_media":0,"parent":0,"menu_order":0,"comment_status":"closed","ping_status":"closed","template":"","meta":{"_et_pb_use_builder":"on","_et_pb_old_content":"[AffiliatesHome]","_et_gb_content_width":"","footnotes":""},"class_list":["post-4464","page","type-page","status-publish","hentry"],"yoast_head":"<!-- This site is optimized with the Yoast SEO plugin v26.5 - https:\/\/yoast.com\/wordpress\/plugins\/seo\/ -->\n<title>Affiliate admin - Secret Ceres<\/title>\n<meta name=\"robots\" content=\"index, follow, max-snippet:-1, max-image-preview:large, max-video-preview:-1\" \/>\n<link rel=\"canonical\" href=\"https:\/\/secretceres.cz\/en\/affiliate-admin\/\" \/>\n<meta property=\"og:locale\" content=\"en_US\" \/>\n<meta property=\"og:type\" content=\"article\" \/>\n<meta property=\"og:title\" content=\"Affiliate admin - Secret Ceres\" \/>\n<meta property=\"og:description\" content=\"Affiliate program - admin pannel\" \/>\n<meta property=\"og:url\" content=\"https:\/\/secretceres.cz\/en\/affiliate-admin\/\" \/>\n<meta property=\"og:site_name\" content=\"Secret Ceres\" \/>\n<meta property=\"article:modified_time\" content=\"2021-08-26T12:53:08+00:00\" \/>\n<meta name=\"twitter:card\" content=\"summary_large_image\" \/>\n<meta name=\"twitter:label1\" content=\"Est. reading time\" \/>\n\t<meta name=\"twitter:data1\" content=\"1 minute\" \/>\n<script type=\"application\/ld+json\" class=\"yoast-schema-graph\">{\"@context\":\"https:\/\/schema.org\",\"@graph\":[{\"@type\":\"WebPage\",\"@id\":\"https:\/\/secretceres.cz\/en\/affiliate-admin\/\",\"url\":\"https:\/\/secretceres.cz\/en\/affiliate-admin\/\",\"name\":\"Affiliate admin - Secret Ceres\",\"isPartOf\":{\"@id\":\"https:\/\/secretceres.cz\/en\/#website\"},\"datePublished\":\"2021-08-24T13:21:46+00:00\",\"dateModified\":\"2021-08-26T12:53:08+00:00\",\"breadcrumb\":{\"@id\":\"https:\/\/secretceres.cz\/en\/affiliate-admin\/#breadcrumb\"},\"inLanguage\":\"en-US\",\"potentialAction\":[{\"@type\":\"ReadAction\",\"target\":[\"https:\/\/secretceres.cz\/en\/affiliate-admin\/\"]}]},{\"@type\":\"BreadcrumbList\",\"@id\":\"https:\/\/secretceres.cz\/en\/affiliate-admin\/#breadcrumb\",\"itemListElement\":[{\"@type\":\"ListItem\",\"position\":1,\"name\":\"Dom\u016f\",\"item\":\"https:\/\/secretceres.cz\/en\/\"},{\"@type\":\"ListItem\",\"position\":2,\"name\":\"Affiliate admin\"}]},{\"@type\":\"WebSite\",\"@id\":\"https:\/\/secretceres.cz\/en\/#website\",\"url\":\"https:\/\/secretceres.cz\/en\/\",\"name\":\"Secret Ceres\",\"description\":\"Pro \u017eeny\",\"potentialAction\":[{\"@type\":\"SearchAction\",\"target\":{\"@type\":\"EntryPoint\",\"urlTemplate\":\"https:\/\/secretceres.cz\/en\/?s={search_term_string}\"},\"query-input\":{\"@type\":\"PropertyValueSpecification\",\"valueRequired\":true,\"valueName\":\"search_term_string\"}}],\"inLanguage\":\"en-US\"}]}<\/script>\n<!-- \/ Yoast SEO plugin. -->","yoast_head_json":{"title":"Affiliate admin - Secret Ceres","robots":{"index":"index","follow":"follow","max-snippet":"max-snippet:-1","max-image-preview":"max-image-preview:large","max-video-preview":"max-video-preview:-1"},"canonical":"https:\/\/secretceres.cz\/en\/affiliate-admin\/","og_locale":"en_US","og_type":"article","og_title":"Affiliate admin - Secret Ceres","og_description":"Affiliate program - admin pannel","og_url":"https:\/\/secretceres.cz\/en\/affiliate-admin\/","og_site_name":"Secret Ceres","article_modified_time":"2021-08-26T12:53:08+00:00","twitter_card":"summary_large_image","twitter_misc":{"Est. reading time":"1 minute"},"schema":{"@context":"https:\/\/schema.org","@graph":[{"@type":"WebPage","@id":"https:\/\/secretceres.cz\/en\/affiliate-admin\/","url":"https:\/\/secretceres.cz\/en\/affiliate-admin\/","name":"Affiliate admin - Secret Ceres","isPartOf":{"@id":"https:\/\/secretceres.cz\/en\/#website"},"datePublished":"2021-08-24T13:21:46+00:00","dateModified":"2021-08-26T12:53:08+00:00","breadcrumb":{"@id":"https:\/\/secretceres.cz\/en\/affiliate-admin\/#breadcrumb"},"inLanguage":"en-US","potentialAction":[{"@type":"ReadAction","target":["https:\/\/secretceres.cz\/en\/affiliate-admin\/"]}]},{"@type":"BreadcrumbList","@id":"https:\/\/secretceres.cz\/en\/affiliate-admin\/#breadcrumb","itemListElement":[{"@type":"ListItem","position":1,"name":"Dom\u016f","item":"https:\/\/secretceres.cz\/en\/"},{"@type":"ListItem","position":2,"name":"Affiliate admin"}]},{"@type":"WebSite","@id":"https:\/\/secretceres.cz\/en\/#website","url":"https:\/\/secretceres.cz\/en\/","name":"Secret Ceres","description":"Pro \u017eeny","potentialAction":[{"@type":"SearchAction","target":{"@type":"EntryPoint","urlTemplate":"https:\/\/secretceres.cz\/en\/?s={search_term_string}"},"query-input":{"@type":"PropertyValueSpecification","valueRequired":true,"valueName":"search_term_string"}}],"inLanguage":"en-US"}]}},"_links":{"self":[{"href":"https:\/\/secretceres.cz\/en\/wp-json\/wp\/v2\/pages\/4464","targetHints":{"allow":["GET"]}}],"collection":[{"href":"https:\/\/secretceres.cz\/en\/wp-json\/wp\/v2\/pages"}],"about":[{"href":"https:\/\/secretceres.cz\/en\/wp-json\/wp\/v2\/types\/page"}],"author":[{"embeddable":true,"href":"https:\/\/secretceres.cz\/en\/wp-json\/wp\/v2\/users\/1"}],"replies":[{"embeddable":true,"href":"https:\/\/secretceres.cz\/en\/wp-json\/wp\/v2\/comments?post=4464"}],"version-history":[{"count":5,"href":"https:\/\/secretceres.cz\/en\/wp-json\/wp\/v2\/pages\/4464\/revisions"}],"predecessor-version":[{"id":4503,"href":"https:\/\/secretceres.cz\/en\/wp-json\/wp\/v2\/pages\/4464\/revisions\/4503"}],"wp:attachment":[{"href":"https:\/\/secretceres.cz\/en\/wp-json\/wp\/v2\/media?parent=4464"}],"curies":[{"name":"wp","href":"https:\/\/api.w.org\/{rel}","templated":true}]}}